{"id":1653,"date":"2021-06-08T10:52:24","date_gmt":"2021-06-08T07:52:24","guid":{"rendered":"https:\/\/www.heti.fi\/?page_id=1653"},"modified":"2024-01-03T16:14:38","modified_gmt":"2024-01-03T14:14:38","slug":"q-a","status":"publish","type":"page","link":"https:\/\/www.heti.fi\/sv\/q-a\/","title":{"rendered":"Vanliga fr\u00e5gor"},"content":{"rendered":"\n<pre id=\"tw-target-text\" class=\"wp-block-preformatted\"><\/pre>\n\n\n<h3>Hur sorterar man f\u00f6rpackningarna?<\/h3>\n<p>Hetis f\u00f6rpackningar \u00e4r inte endast av 100% \u00e5tervunnet plast de g\u00e5r \u00e4ven alla att sortera som plast f\u00f6r \u00e5teranv\u00e4ndning. Det \u00e4r \u00f6nskv\u00e4rt att man tar bort korken fr\u00e5n flaskan och sk\u00f6ljer flaskan f\u00f6re man kastar b\u00e5da delarna i plastsortering.<\/p>\n<p>\u00a0<\/p>\n<h3>Varf\u00f6r blir sk\u00f6lj\u00e4ttikan grumlig?<\/h3>\n<p>Med tiden kan sk\u00f6lj\u00e4ttikan bli grumlig eller vit. Produktens anv\u00e4ndbarhet f\u00f6r\u00e4ndras inte, endast utseendet. Orsaken \u00e4r ok\u00e4nd men vi ser att f\u00f6rvaringstemperaturen kan f\u00f6rsnabba och p\u00e5verka produktens klarhet. V\u00e5r kemist jobbar vidare med reseptet och vi hoppas att snart kunna komma me den produkt som h\u00e5lls klar.<\/p>\n<h3><strong>Passar Heti kul\u00f6rttv\u00e4tt \u00e4ven till ylle och silke?<\/strong><\/h3>\n<p><a href=\"https:\/\/www.heti.fi\/sv\/produkter\/kulortvatt\/\">https:\/\/www.heti.fi\/sv\/produkter\/kulortvatt\/<\/a><\/p>\n<p>Nej tyv\u00e4rr passar inte Hetis kul\u00f6rttv\u00e4tt f\u00f6r ylle eller silke. F\u00f6r dessa material har vi ett special tv\u00e4ttmedel, Heti Hienopesu.<\/p>\n<h3><strong>Hur skall man anv\u00e4nde Heti badrum?<\/strong><\/h3>\n<p>Man kan anv\u00e4nda produkten p\u00e5 tv\u00e5 olika s\u00e4tt. Antingen s\u00e5 att man sprayar badrumstv\u00e4tt rakt p\u00e5 kaklen \/ ytan man skall tv\u00e4tta, eller s\u00e5 sprayar man p\u00e5 en fuktig duk och torkar sedan ytan. Om man b\u00f6r anv\u00e4nda borste \u00e4r det att rekommendera att spraya rakt p\u00e5 ytan man skall tv\u00e4tta, l\u00e5ta verka i n\u00e5gra minuter och sedan borsta med fuktig borste tills ytan ser ren ut. Detta \u00e4r bra d\u00e5 man har storst\u00e4dning.<\/p>\n<h3><strong>\u00c4r Hetis produkter biologiskt nedbrytbara?<\/strong><\/h3>\n<p>De flesta i Heti produktserien \u00e4r 100% biologiskt nedbrytbara. Kul\u00f6rttv\u00e4tten \u00e4r endast biologiskt nedbrytbar till 99% (doften \u00e4r inte biologiskt nedbrytbar till 100%) .<\/p>\n<h2><strong>\u00a0<\/strong><\/h2>\n<h3><strong>\u00c4r Heti produkterna veganska?<\/strong><\/h3>\n<p>Jo hela Heti serien \u00e4r vegansk.<\/p>\n<h3><strong>Passar Heti produkterna f\u00f6r ytor av sten och aluminium?<\/strong><\/h3>\n<p>N\u00e4r det kommer till sten ytor, speciellt obehandlad natursten rekommenderar vi de som fabrikanten rekommenderar f\u00f6r reng\u00f6ring av just detta material. Naturmaterial har ofta helt egna medel f\u00f6r just detta bruk.<\/p>\n<p>Till aluminium passar Heti bra. Det finns flera tips med endast \u00e4ttika och vatten f\u00f6r att f\u00e5 aluminium ytor att gl\u00e4nsa. S\u00e5 till dessa material g\u00e5r Heti produkterna bra. Vi rekommenderar dock alltid att prova p\u00e5 ett osynligt st\u00e4lle om man \u00e4r os\u00e4ker.<\/p>\n<h3>B\u00f6r man sk\u00f6lja ytorna efter att ha tv\u00e4tta dem med Heti?<\/h3>\n<p>Nej det beh\u00f6ver man inte. Men om man anv\u00e4nder mycket och ofta av f\u00e4rdiga reng\u00f6ringsmedel kan det vara bra att d\u00e5 och d\u00e5 sk\u00f6lja dem, eller torka av med en ren och fuktig duk.<\/p>\n\n\n<p><\/p>\n","protected":false},"excerpt":{"rendered":"<p>Hur sorterar man f\u00f6rpackningarna? Hetis f\u00f6rpackningar \u00e4r inte endast av 100% \u00e5tervunnet plast de g\u00e5r \u00e4ven alla att sortera som plast f\u00f6r \u00e5teranv\u00e4ndning. Det \u00e4r \u00f6nskv\u00e4rt att man tar bort korken fr\u00e5n flaskan och sk\u00f6ljer flaskan f\u00f6re man kastar b\u00e5da delarna i plastsortering. \u00a0 Varf\u00f6r blir sk\u00f6lj\u00e4ttikan grumlig? Med tiden kan sk\u00f6lj\u00e4ttikan bli grumlig ellerLue lis\u00e4\u00e4 <\/p>\n<p><a class=\"default-button\" href=\"https:\/\/www.heti.fi\/sv\/q-a\/\">L\u00e4s mer&#8230;<\/a><\/p>\n","protected":false},"author":6,"featured_media":0,"parent":0,"menu_order":0,"comment_status":"closed","ping_status":"closed","template":"","meta":{"_acf_changed":false,"footnotes":""},"class_list":["post-1653","page","type-page","status-publish","hentry"],"acf":[],"_links":{"self":[{"href":"https:\/\/www.heti.fi\/sv\/wp-json\/wp\/v2\/pages\/1653","targetHints":{"allow":["GET"]}}],"collection":[{"href":"https:\/\/www.heti.fi\/sv\/wp-json\/wp\/v2\/pages"}],"about":[{"href":"https:\/\/www.heti.fi\/sv\/wp-json\/wp\/v2\/types\/page"}],"author":[{"embeddable":true,"href":"https:\/\/www.heti.fi\/sv\/wp-json\/wp\/v2\/users\/6"}],"replies":[{"embeddable":true,"href":"https:\/\/www.heti.fi\/sv\/wp-json\/wp\/v2\/comments?post=1653"}],"version-history":[{"count":4,"href":"https:\/\/www.heti.fi\/sv\/wp-json\/wp\/v2\/pages\/1653\/revisions"}],"predecessor-version":[{"id":4145,"href":"https:\/\/www.heti.fi\/sv\/wp-json\/wp\/v2\/pages\/1653\/revisions\/4145"}],"wp:attachment":[{"href":"https:\/\/www.heti.fi\/sv\/wp-json\/wp\/v2\/media?parent=1653"}],"curies":[{"name":"wp","href":"https:\/\/api.w.org\/{rel}","templated":true}]}}