{"id":1575,"date":"2021-04-16T12:31:20","date_gmt":"2021-04-16T09:31:20","guid":{"rendered":"https:\/\/www.heti.fi\/?page_id=1575"},"modified":"2024-01-03T16:13:14","modified_gmt":"2024-01-03T14:13:14","slug":"tips-med-attika","status":"publish","type":"page","link":"https:\/\/www.heti.fi\/sv\/tips-med-attika\/","title":{"rendered":"Tips med \u00e4ttika"},"content":{"rendered":"\n<p><strong>Kommer du \u00e4nnu ih\u00e5g dessa gamla triks som du kanske sett din mormor g\u00f6ra?<\/strong><\/p>\n\n\n\n<p><strong>F\u00f6r att f\u00e5 bort en fl\u00e4ck fr\u00e5n en h\u00e5rd yta. <\/strong>Om man av mistag f\u00e5tt bl\u00e4ck fr\u00e5n en&nbsp;kulspetspenna p\u00e5 bordet s\u00e5 kan man l\u00e4tt torka bort det med en duk fuktad med \u00e4ttika.<\/p>\n\n\n\n<p><strong>F\u00f6nstertv\u00e4tt:<\/strong>&nbsp;Gl\u00f6mde du att k\u00f6pa f\u00f6nstertv\u00e4tt och har just nu inspiration? Om du bara har vatten, \u00e4ttika och diskmedel hemma s\u00e5 \u00e4r problemet l\u00f6st. Speglar, glasbord och f\u00f6nster blir skinande rena med vatten n\u00e5gra droppar handdiskmedel coh en skv\u00e4tt \u00e4ttika. \u00c4ttikan g\u00f6r s\u00e5 att det inte bildas r\u00e4nder p\u00e5 ytan.<\/p>\n\n\n\n<h2 class=\"wp-block-heading\"><strong>K\u00f6ket<\/strong><\/h2>\n\n\n\n<p><strong>Reng\u00f6ring av kaffekokare:<\/strong>&nbsp;H\u00e4ll \u00e4ttikka och vatten (50% vatten och 50% \u00e4ttika) i kaffekokaren och s\u00e4tt p\u00e5 den. D\u00e5 ca h\u00e4lften av vattnet runnit igenom, st\u00e4ng av kaffekokaren och l\u00e5t st\u00e5 i 30 min. L\u00e5t sedan resen av vatten-\u00e4ttika blanningen rinna igenom. Sk\u00f6lj sedan kaffemaskinen genom att koka tv\u00e5 pannor bara vatten. Sedan ser du en skinande ren kaffekokare. Om det \u00e4nd\u00e5 blivit n\u00e5gra bruna fl\u00e4ckar i pannan f\u00e5r du l\u00e4tt bort dem med att torka dem med en duk doppad i \u00e4ttika.<\/p>\n\n\n\n<p><strong>Fr\u00e4sha upp din frys:<\/strong>&nbsp;Koka upp 1 dl vatten och blanda i 1 dl \u00e4ttika. H\u00e4ll blanningen i en vid form som du st\u00e4ller i frysen \u00f6ver natten. Den eventuellt unkna lukten har nu f\u00f6rsvunnt. Du beh\u00f6ver allts\u00e5 inte ens avfrosta frysen.<\/p>\n\n\n\n<p><strong>O\u00f6nskade lukter:<\/strong> F\u00f6r att undvika att tex. fisk och vitl\u00f6kslukt fastnar p\u00e5 h\u00e4nderna kan du massera h\u00e4nderna med lite \u00e4ttika innan du hanterar r\u00e5varorna. Det samma kan du g\u00f6ra innan du rensar b\u00e4r f\u00f6r att undvika att h\u00e4nderna f\u00e4rgas. \u00c4ttikan f\u00f6rhindrar att saften fr\u00e5n b\u00e4ren sugs in i huden och under naglarna.<\/p>\n\n\n\n<p><strong>Kastruller av st\u00e5l rena och gl\u00e4nsande. <\/strong>L\u00e5t kastrullen ligga i \u00e4ttiksbad \u00f6ver natten. Blanda 2 delar \u00e4ttika och 1 del vatten. L\u00e4gg kastrullen i vattnet och l\u00e5t ligga \u00f6ver natten. Sk\u00f6lj noga.<\/p>\n\n\n\n<p><strong>F\u00e5 k\u00e4rlen skinande rena:<\/strong>&nbsp;Sk\u00f6lj glas och k\u00e4rl med \u00e4tikka-vatten. Blanda 2 delar vatten och 1 del \u00e4ttika, sk\u00f6lj k\u00e4rlen v\u00e4l. Denna blanning g\u00e5r \u00e4ven fint som sk\u00f6ljmedel i diskmaskinen.<\/p>\n\n\n\n<p><strong>Reng\u00f6r diskmaskinen <\/strong><\/p>\n\n\n\n<p>Finns det n\u00e5got mer irriterande \u00e4n en diskmaskin som inte g\u00f6r disken helt ren? Ibland \u00e4r det d\u00e5 sj\u00e4lva diskmaskinen som inte \u00e4r ren nog f\u00f6r att kunna reng\u00f6ra. H\u00e4r kommer d\u00e4rf\u00f6r en liten instruktion p\u00e5 hur man kan ge diskmaskinen en rej\u00e4l uppfr\u00e4schning.<\/p>\n\n\n\n<p>DU BEH\u00d6VER:<\/p>\n\n\n\n<p>\u2022 Diskmaskinssalt om du har h\u00e5rt vatten (Viktigt! Detta g\u00f6r st\u00f6rre skillnad \u00e4n man kan tro.)<\/p>\n\n\n\n<p>\u2022 \u00c4ttikssprit 12%<\/p>\n\n\n\n<p>\u2022 Bikarbonat<\/p>\n\n\n\n<p>\u2022 F\u00f6nsterputsen\/mirakelmedlet (p\u00e5 2 dl \u00e4ttiksprit, 5 dl vatten och 5 droppar handdiskmedel)<\/p>\n\n\n\n<p>\u2022 En eller tv\u00e5 halvor urpressad citron<\/p>\n\n\n\n<p>G\u00d6R S\u00c5 H\u00c4R:<\/p>\n\n\n\n<p>1. Ta loss filtret och st\u00e4ll p\u00e5 \u00f6vre hyllan i diskmaskinen. (Ta g\u00e4rna is\u00e4r filtret om det g\u00e5r.)<\/p>\n\n\n\n<p>2. H\u00e4ll i diskmaskinssalt till max i luckan f\u00f6r salt.<\/p>\n\n\n\n<p>3. S\u00e4tt ner citronhalvorna p\u00e5 piggarna i diskmaskinen.<\/p>\n\n\n\n<p>4. Fyll luckan f\u00f6r maskindiskmedel med bikarbonat.<\/p>\n\n\n\n<p>5. H\u00e4ll \u00e4ttiksprit i luckan f\u00f6r spolglans till max.<\/p>\n\n\n\n<p>6. Skrubba lister och kanterna av diskmaskinen med f\u00f6nsterputsen och en k\u00f6kssvamp och ev. en gammal tandborste p\u00e5 sv\u00e5r\u00e5tkomliga ytor.<\/p>\n\n\n\n<p>7. Om h\u00e5len i spolarmarna \u00e4r igent\u00e4ppta: pilla loss smuts med tandpetare eller liknande.<\/p>\n\n\n\n<p>8. S\u00e4tt p\u00e5 diskmaskinen och v\u00e4lj ett program p\u00e5 h\u00f6gsta v\u00e4rme.<\/p>\n\n\n\n<p>9. Klart!<\/p>\n\n\n\n<h2 class=\"wp-block-heading\"><strong>Badrum<\/strong><\/h2>\n\n\n\n<p><strong>\u00c4ttika \u00e4r ett effektivt \u00e4mne f\u00f6r reng\u00f6ring av badrum och speciellt kalkbildning pga sin h\u00f6ga surhetsgrad. Man b\u00f6r dock komma ih\u00e5g att av samma orsak passar den inte f\u00f6r reng\u00f6ring av sk\u00f6ra material som obehandlade naturmaterial, marmor, obehandlat tr\u00e4 osv.<\/strong><\/p>\n\n\n\n<p><strong>Avlopp: <\/strong>avlopp kan man sk\u00f6lja med \u00e4ttika f\u00f6r att f\u00e5 bort en unken lukt. H\u00e4ll 1 dl \u00e4ttika i avloppet och l\u00e5t verka \u00f6ver natten.<\/p>\n\n\n\n<p><strong>Reng\u00f6ring av duschdraperi:<\/strong> L\u00e5t duschdraperiet ligga i \u00e4ttiksvatten i en timme. Tv\u00e4tta draperiet efter det \u00e4nnu f\u00f6r hand eller i maskin enligt anvisningar. H\u00e4ll n\u00e5gra droppar \u00e4ttika i sk\u00f6ljvattnet, detta hj\u00e4lper mot m\u00f6gelbildning.<\/p>\n\n\n\n<p><strong>TA BORT KALK FR\u00c5N KRANEN<\/strong>: Det bildas l\u00e4tt kalk kring blandaren vid badkaret och handfatet.<\/p>\n\n\n\n<p>Prova \u00e4ttika+toalettpappertricket! Skrubba med en sockerbit d\u00e4r det \u00e4r som v\u00e4rst.<\/p>\n\n\n\n<p>DU BEH\u00d6VER:<\/p>\n\n\n\n<p>\u2022 \u00c4ttiksprit 12%<\/p>\n\n\n\n<p>\u2022 Toalettpapper<\/p>\n\n\n\n<p>\u2022 Sockerbitar (ej snabbitsocker, de g\u00e5r s\u00f6nder snabbt)<\/p>\n\n\n\n<p>G\u00d6R S\u00c5 H\u00c4R:<\/p>\n\n\n\n<p>1. F\u00f6rvandla blandaren till en mumie med toalettpapper<\/p>\n\n\n\n<p>2. Dr\u00e4nk toalettpappret med \u00e4ttiksprit<\/p>\n\n\n\n<p>3. L\u00e5t verka 1 timme, ta sedan bort pappret<\/p>\n\n\n\n<p>4. Skrubba med sockerbitar om det \u00e4r kalk kvar<\/p>\n\n\n\n<p>5. Sk\u00f6lj rent.<\/p>\n\n\n\n<p>6. Klart!<\/p>\n\n\n\n<p>Om detta k\u00e4nns lite jobbigt finns det \u00e4ven ett f\u00e4rdigt spray f\u00f6r detta. Testa Heti badrums spray. <\/p>\n\n\n\n<p><strong>Tv\u00e4tt<\/strong><\/p>\n\n\n\n<p><strong>Er\u00e4tt sk\u00f6ljmedel med \u00e4ttika.<\/strong>&nbsp;\u00c4ttika kan ers\u00e4tta sk\u00f6jlmedel. \u00c4ttika kan anv\u00e4ndas till alla textiler, endast en skv\u00e4tt \u00e4ttika i sk\u00f6ljfacket och tv\u00e4tten blir fr\u00e4sh och mjuk. \u00c4ttikan hj\u00e4lper \u00e4ven att beh\u00e5lla f\u00e4rgen p\u00e5 kl\u00e4derna. \u00c4ttiksdoften f\u00f6rsvinner n\u00e4r tv\u00e4tten torkar.<\/p>\n\n\n\n<p><strong>Svettiga sportkl\u00e4der? <\/strong>Har du haft sv\u00e5rt att f\u00e5 dina favorit sportkl\u00e4der fr\u00e4sha efter ett h\u00e5rt pass, eller efter att du gl\u00f6mt att tv\u00e4tta dem genast? Med \u00e4ttika f\u00f6rsvinner ukten l\u00e4tt. Blanda \u00bddl \u00e4ttika i en hink med 5 l vatten. L\u00e5t kl\u00e4derna ligga i bl\u00f6t i ca 30 min.<\/p>\n\n\n\n<p>Om man \u00f6nskar att f\u00e5 en underbar god doft kan man anv\u00e4nda f\u00e4rdig tv\u00e4tt\u00e4ttika. Finns tre fr\u00e4sha dorter att v\u00e4lja mellan.<\/p>\n\n\n\n<p><strong>Reng\u00f6ring av tv\u00e4ttmaskinen:<\/strong>\u00a0\u00c4ttiksvatten reng\u00f6r maskinen effektivt och avl\u00e4gsnar kalk. H\u00e4ll 2 liter vatten och 1 liter vatten i maskinen och tv\u00e4tta en tom maskin med programmet f\u00f6r vitv\u00e4tt.<\/p>\n","protected":false},"excerpt":{"rendered":"<p>Kommer du \u00e4nnu ih\u00e5g dessa gamla triks som du kanske sett din mormor g\u00f6ra? F\u00f6r att f\u00e5 bort en fl\u00e4ck fr\u00e5n en h\u00e5rd yta. Om man av mistag f\u00e5tt bl\u00e4ck fr\u00e5n en&nbsp;kulspetspenna p\u00e5 bordet s\u00e5 kan man l\u00e4tt torka bort det med en duk fuktad med \u00e4ttika. F\u00f6nstertv\u00e4tt:&nbsp;Gl\u00f6mde du att k\u00f6pa f\u00f6nstertv\u00e4tt och har justLue lis\u00e4\u00e4 <\/p>\n<p><a class=\"default-button\" href=\"https:\/\/www.heti.fi\/sv\/tips-med-attika\/\">L\u00e4s mer&#8230;<\/a><\/p>\n","protected":false},"author":6,"featured_media":1609,"parent":0,"menu_order":0,"comment_status":"closed","ping_status":"closed","template":"","meta":{"_acf_changed":false,"footnotes":""},"class_list":["post-1575","page","type-page","status-publish","has-post-thumbnail","hentry"],"acf":[],"_links":{"self":[{"href":"https:\/\/www.heti.fi\/sv\/wp-json\/wp\/v2\/pages\/1575","targetHints":{"allow":["GET"]}}],"collection":[{"href":"https:\/\/www.heti.fi\/sv\/wp-json\/wp\/v2\/pages"}],"about":[{"href":"https:\/\/www.heti.fi\/sv\/wp-json\/wp\/v2\/types\/page"}],"author":[{"embeddable":true,"href":"https:\/\/www.heti.fi\/sv\/wp-json\/wp\/v2\/users\/6"}],"replies":[{"embeddable":true,"href":"https:\/\/www.heti.fi\/sv\/wp-json\/wp\/v2\/comments?post=1575"}],"version-history":[{"count":4,"href":"https:\/\/www.heti.fi\/sv\/wp-json\/wp\/v2\/pages\/1575\/revisions"}],"predecessor-version":[{"id":4143,"href":"https:\/\/www.heti.fi\/sv\/wp-json\/wp\/v2\/pages\/1575\/revisions\/4143"}],"wp:featuredmedia":[{"embeddable":true,"href":"https:\/\/www.heti.fi\/sv\/wp-json\/wp\/v2\/media\/1609"}],"wp:attachment":[{"href":"https:\/\/www.heti.fi\/sv\/wp-json\/wp\/v2\/media?parent=1575"}],"curies":[{"name":"wp","href":"https:\/\/api.w.org\/{rel}","templated":true}]}}