{"id":1148,"date":"2020-01-28T16:43:41","date_gmt":"2020-01-28T14:43:41","guid":{"rendered":"https:\/\/www.heti.fi\/?page_id=1148"},"modified":"2024-01-03T16:36:40","modified_gmt":"2024-01-03T14:36:40","slug":"foretaget","status":"publish","type":"page","link":"https:\/\/www.heti.fi\/sv\/foretaget\/","title":{"rendered":"Familjef\u00f6retaget bakom Heti"},"content":{"rendered":"\n<h1 class=\"wp-block-heading\">Familjef\u00f6retaget Berner<\/h1>\n\n\n\n<p>Familjef\u00f6retaget Berners historia g\u00e5r \u00f6ver 140 \u00e5r tillbaka i tiden. Under \u00e5rens lopp har Berners produktsortiment utvidgats fr\u00e5n livsmedel till internationella konsument- och yrkesprodukter.<\/p>\n\n\n\n<h2 class=\"wp-block-heading\">Egen produktutveckling<\/h2>\n\n\n\n<p>Vid sidan av import har Berner redan i \u00e5rtionden haft en egen inhemsk, stark produktutveckling och produktion. Produktm\u00e4rkena som f\u00f6tts som ett resultat av utvecklingsarbetet \u00e4r bland annat XZ-h\u00e5rv\u00e5rdsserien, LV- och Herbina-hygienserierna, Lasol- och Korrek-bilv\u00e5rdsserierna. Desinfektol- och LV-desinfektionsmedel samt Heti-reng\u00f6ringsprodukter f\u00f6r proffs och hem.<\/p>\n\n\n\n<h2 class=\"wp-block-heading\">Finl\u00e4ndskt kunnande<\/h2>\n\n\n\n<p>Produkterna utvecklas p\u00e5 produktutvecklingsenheten i Herton\u00e4s i Helsingfors och tillverkas i Hein\u00e4vesi. F\u00f6r Berner \u00e4r det viktigt att den starka kompetensen stannar i Finland.<\/p>\n","protected":false},"excerpt":{"rendered":"<p>Familjef\u00f6retaget Berner Familjef\u00f6retaget Berners historia g\u00e5r \u00f6ver 140 \u00e5r tillbaka i tiden. Under \u00e5rens lopp har Berners produktsortiment utvidgats fr\u00e5n livsmedel till internationella konsument- och yrkesprodukter. Egen produktutveckling Vid sidan av import har Berner redan i \u00e5rtionden haft en egen inhemsk, stark produktutveckling och produktion. Produktm\u00e4rkena som f\u00f6tts som ett resultat av utvecklingsarbetet \u00e4r blandLue lis\u00e4\u00e4 <\/p>\n<p><a class=\"default-button\" href=\"https:\/\/www.heti.fi\/sv\/foretaget\/\">L\u00e4s mer&#8230;<\/a><\/p>\n","protected":false},"author":2,"featured_media":1131,"parent":0,"menu_order":0,"comment_status":"closed","ping_status":"closed","template":"page-templates\/infopage-2col.php","meta":{"_acf_changed":false,"footnotes":""},"class_list":["post-1148","page","type-page","status-publish","has-post-thumbnail","hentry"],"acf":[],"_links":{"self":[{"href":"https:\/\/www.heti.fi\/sv\/wp-json\/wp\/v2\/pages\/1148","targetHints":{"allow":["GET"]}}],"collection":[{"href":"https:\/\/www.heti.fi\/sv\/wp-json\/wp\/v2\/pages"}],"about":[{"href":"https:\/\/www.heti.fi\/sv\/wp-json\/wp\/v2\/types\/page"}],"author":[{"embeddable":true,"href":"https:\/\/www.heti.fi\/sv\/wp-json\/wp\/v2\/users\/2"}],"replies":[{"embeddable":true,"href":"https:\/\/www.heti.fi\/sv\/wp-json\/wp\/v2\/comments?post=1148"}],"version-history":[{"count":10,"href":"https:\/\/www.heti.fi\/sv\/wp-json\/wp\/v2\/pages\/1148\/revisions"}],"predecessor-version":[{"id":4139,"href":"https:\/\/www.heti.fi\/sv\/wp-json\/wp\/v2\/pages\/1148\/revisions\/4139"}],"wp:featuredmedia":[{"embeddable":true,"href":"https:\/\/www.heti.fi\/sv\/wp-json\/wp\/v2\/media\/1131"}],"wp:attachment":[{"href":"https:\/\/www.heti.fi\/sv\/wp-json\/wp\/v2\/media?parent=1148"}],"curies":[{"name":"wp","href":"https:\/\/api.w.org\/{rel}","templated":true}]}}