{"id":1128,"date":"2020-01-28T16:25:37","date_gmt":"2020-01-28T14:25:37","guid":{"rendered":"https:\/\/www.heti.fi\/?page_id=1128"},"modified":"2024-01-03T16:10:38","modified_gmt":"2024-01-03T14:10:38","slug":"vatten-attika","status":"publish","type":"page","link":"https:\/\/www.heti.fi\/sv\/vatten-attika\/","title":{"rendered":"Hetis historia"},"content":{"rendered":"<h1>Hetis historia<\/h1>\n<p>Heti betyder <em>genast<\/em> p\u00e5 finska och detta ville vi f\u00f6ra fram d\u00e5 vi lanserade serien i Finland 2019. Att effekt och l\u00e4tthet \u00e4r n\u00e5got de flesta \u00f6nskar d\u00e5 det kommer till reng\u00f6ring av hemmet \u00e4r klart. D\u00e4rf\u00f6r ville vi komma upp med en serie som \u00e4r effektiv, l\u00e4tt att anv\u00e4nda och dessutom s\u00e5 milj\u00f6v\u00e4nlig som m\u00f6jligt utan att s\u00e4nka p\u00e5 effekten. Detta \u00e4r Heti i ett n\u00f6tskal. HETI-produkternas reng\u00f6ringskraft grundar sig p\u00e5 helt naturlig finsk sprit\u00e4ttika, som tillverkats med traditionella j\u00e4sningsmetoder i Hein\u00e4vesi. Med \u00e4ttikan som grund i alla produkter\u00a0 och modernt kemikunnande fick vi tv\u00e4ttprodukter f\u00f6r nya tider. Bekanta dig med sprit\u00e4ttikans historia och de \u00e4ttiksbaserade tv\u00e4ttprodukternas nul\u00e4ge.<\/p>\n<h2>\u00d6ver 100 \u00e5r av \u00e4ttikstraditioner<\/h2>\n<p>P\u00e5 fabriken i Rajam\u00e4ki i Finland b\u00f6rjade man tillverka ren sprit\u00e4ttika med en naturlig j\u00e4sningsmetod \u00e5r 1892. \u00c5r 2007 s\u00e5ldes aff\u00e4rsverksamheten till Berner, ett gammalt finl\u00e4ndskt familjef\u00f6retag som byggde en ny fabrik och flyttade produktionen fr\u00e5n Rajam\u00e4ki till Hein\u00e4vesi. Produktnamnet Rajam\u00e4en beh\u00f6ll man \u00e4nd\u00e5 kvar.<\/p>\n<p>Hein\u00e4vesi kommun ligger i landskapet S\u00f6dra Savolax, som \u00e4r k\u00e4nt f\u00f6r sina hundratals sj\u00f6ar och grundvattenomr\u00e5den. Rent vatten \u00e4r en v\u00e4sentlig r\u00e5vara f\u00f6r tillverkningen av h\u00f6gkvalitativt etanol, som beh\u00f6vs f\u00f6r \u00e4ttika. I j\u00e4sningsprocessen uppst\u00e5r sprit\u00e4ttika av s\u00e4desbr\u00e4nnvin och vin\u00e4ger av \u00e4ppelvin. B\u00e5da \u00e4r organiska f\u00f6reningar, dvs. etansyra eller \u00e4ttiksyra, vars kemiska strukturformel \u00e4r CH3COOH.<\/p>\n<h2>M\u00e5ngsidig \u00e4ttika<\/h2>\n<p>\u00c4ttika l\u00e4mpar sig f\u00f6rutom f\u00f6r matlagning \u00e4ven f\u00f6r reng\u00f6ring av olika slag. \u00c4ttikans naturliga reng\u00f6rande egenskaper \u2013 tar bort kalkavs\u00e4ttningar och fett, g\u00f6r ytor och fiberf\u00e4rger blanka \u2013 har varit k\u00e4nda i Finland redan i \u00e5rhundraden. Sprit\u00e4ttika kan anv\u00e4ndas till exempel som allreng\u00f6ringsmedel vid st\u00e4dning av hemmet, sk\u00f6ljmedel f\u00f6r tv\u00e4tt och f\u00f6r kalkborttagning ur hush\u00e5llsmaskiner. Sprit\u00e4ttika b\u00f6r \u00e4nd\u00e5 sp\u00e4das ut tillr\u00e4ckligt och det b\u00f6r inte anv\u00e4ndas p\u00e5 \u00f6mma naturmaterial.<\/p>\n<h2>R\u00e4tt kemi<\/h2>\n<p>I de anv\u00e4ndningsklara HETI-produkterna f\u00f6renas nya och gamla knep. N\u00e4r traditionell sprit\u00e4ttika tas med som en del av nutida produktutveckling och kompletteras med modernt kunnande inom kemiindustrin blir slutresultatet anv\u00e4ndarv\u00e4nliga, effektiva tv\u00e4ttmedel, som underl\u00e4ttar hemarbetet f\u00f6r den upptagna moderna m\u00e4nniskan. Hemligheten ligger i \u00e4ttikan.<\/p>\n<h2>Renhet och doft i hemmet<\/h2>\n<p>Till HETI-produktfamiljen h\u00f6r handtv\u00e5l, reng\u00f6ringsmedel f\u00f6r k\u00f6ksytor och k\u00e4rl, universalreng\u00f6ringsmedel, badrumstv\u00e4tt, maskintv\u00e4ttmedel, fl\u00e4ckborttagningsmedel, kul\u00f6rtv\u00e4ttmedel och sk\u00f6ljt\u00e4ttika. Produktfamiljen v\u00e4xer med efterfr\u00e5gan. Produkterna har behagliga, fr\u00e4scha dofter, till exempel mint, bj\u00f6rk och citrus.<\/p>\n<p><em><strong>HETI-produktfamiljen \u00f6nskar bekymmersl\u00f6sa st\u00e4dnings- och tv\u00e4ttstunder med HETI i hemmen runt om i landet!<\/strong><\/em><\/p>\n","protected":false},"excerpt":{"rendered":"<p>Hetis historia Heti betyder genast p\u00e5 finska och detta ville vi f\u00f6ra fram d\u00e5 vi lanserade serien i Finland 2019. Att effekt och l\u00e4tthet \u00e4r n\u00e5got de flesta \u00f6nskar d\u00e5 det kommer till reng\u00f6ring av hemmet \u00e4r klart. D\u00e4rf\u00f6r ville vi komma upp med en serie som \u00e4r effektiv, l\u00e4tt att anv\u00e4nda och dessutom s\u00e5Lue lis\u00e4\u00e4 <\/p>\n<p><a class=\"default-button\" href=\"https:\/\/www.heti.fi\/sv\/vatten-attika\/\">L\u00e4s mer&#8230;<\/a><\/p>\n","protected":false},"author":2,"featured_media":1130,"parent":0,"menu_order":0,"comment_status":"closed","ping_status":"closed","template":"page-templates\/products-info.php","meta":{"_acf_changed":false,"footnotes":""},"class_list":["post-1128","page","type-page","status-publish","has-post-thumbnail","hentry"],"acf":[],"_links":{"self":[{"href":"https:\/\/www.heti.fi\/sv\/wp-json\/wp\/v2\/pages\/1128","targetHints":{"allow":["GET"]}}],"collection":[{"href":"https:\/\/www.heti.fi\/sv\/wp-json\/wp\/v2\/pages"}],"about":[{"href":"https:\/\/www.heti.fi\/sv\/wp-json\/wp\/v2\/types\/page"}],"author":[{"embeddable":true,"href":"https:\/\/www.heti.fi\/sv\/wp-json\/wp\/v2\/users\/2"}],"replies":[{"embeddable":true,"href":"https:\/\/www.heti.fi\/sv\/wp-json\/wp\/v2\/comments?post=1128"}],"version-history":[{"count":5,"href":"https:\/\/www.heti.fi\/sv\/wp-json\/wp\/v2\/pages\/1128\/revisions"}],"predecessor-version":[{"id":4141,"href":"https:\/\/www.heti.fi\/sv\/wp-json\/wp\/v2\/pages\/1128\/revisions\/4141"}],"wp:featuredmedia":[{"embeddable":true,"href":"https:\/\/www.heti.fi\/sv\/wp-json\/wp\/v2\/media\/1130"}],"wp:attachment":[{"href":"https:\/\/www.heti.fi\/sv\/wp-json\/wp\/v2\/media?parent=1128"}],"curies":[{"name":"wp","href":"https:\/\/api.w.org\/{rel}","templated":true}]}}